{"id":2,"date":"2022-01-10T19:34:48","date_gmt":"2022-01-10T17:34:48","guid":{"rendered":"https:\/\/www.tapanitolli.fi\/?page_id=2"},"modified":"2022-01-11T10:45:23","modified_gmt":"2022-01-11T08:45:23","slug":"esimerkkisivu","status":"publish","type":"page","link":"https:\/\/www.tapanitolli.fi\/","title":{"rendered":"Etusivu"},"content":{"rendered":"\n<div class=\"wp-block-columns is-layout-flex wp-container-core-columns-is-layout-9d6595d7 wp-block-columns-is-layout-flex\">\n<div class=\"wp-block-column is-layout-flow wp-block-column-is-layout-flow\">\n<h1 class=\"has-accent-color has-text-color wp-block-heading\"><strong>Tapani tunnette<\/strong><\/h1>\n\n\n\n<div style=\"height:25px\" aria-hidden=\"true\" class=\"wp-block-spacer\"><\/div>\n\n\n\n<p><strong>Hyvinvointialuevaalit 23.1.2022<br>Ennakko\u00e4\u00e4nestys 12.-18.1.2022<\/strong><\/p>\n\n\n\n<div style=\"height:40px\" aria-hidden=\"true\" class=\"wp-block-spacer\"><\/div>\n\n\n\n<p class=\"has-normal-font-size\"><strong>Ihminen ja palvelut<\/strong><\/p>\n\n\n\n<p>T\u00e4rke\u00e4t arjen palvelut, kuten terveyskeskusten, sosiaalipalvelujen, vanhustenhuollon, kehitysvammahuollon, mielenterveyspalvelujen, hammashuollon ja pelastuspalvelujen teht\u00e4v\u00e4t siirtyv\u00e4t kunnilta hyvinvointialueille vuoden 2023 alussa.<\/p>\n\n\n\n<p>Tuleva aluevaltuusto p\u00e4\u00e4tt\u00e4\u00e4 palveluista, niiden sis\u00e4ll\u00f6st\u00e4 ja kattavuudesta. Uudistuksen tavoite on palvelujen perustason vahvistaminen &#8211; ei keskitt\u00e4minen. Siten erikoisl\u00e4\u00e4k\u00e4rin palvelujakin voidaan antaa nykyist\u00e4 enemm\u00e4n paikallisesti. Valtuustossa tarvitaan osaamista ja laajoja kokonaisuuksia hallitsevia ihmisi\u00e4.<\/p>\n\n\n\n<div style=\"height:30px\" aria-hidden=\"true\" class=\"wp-block-spacer\"><\/div>\n\n\n\n<p><strong>Suomen Keskustan ratkaisu l\u00e4hipalveluiden vahvistamiseksi rakentuu kolmesta tekij\u00e4st\u00e4.<\/strong><\/p>\n\n\n\n<ol class=\"wp-block-list\"><li>Jokaiseen kuntaan v\u00e4hint\u00e4\u00e4n yksi sosiaali- ja terveysasema.<\/li><li>Parempi arki ja ty\u00f6paikka henkil\u00f6st\u00f6lle.<\/li><li>Yhdell\u00e4 yhteydenotolla oikea-aikaiseen hoitoon.<\/li><\/ol>\n\n\n\n<div style=\"height:30px\" aria-hidden=\"true\" class=\"wp-block-spacer\"><\/div>\n\n\n\n<p><strong>Ajattelen, ett\u00e4<\/strong><\/p>\n\n\n\n<ol class=\"wp-block-list\"><li>Sosiaali- ja terveyskeskusten toimintaa paikallisesti on vahvistettava ja kehitett\u00e4v\u00e4.<\/li><li>Hoitoketjun pit\u00e4\u00e4 olla toimiva ensimm\u00e4isest\u00e4 k\u00e4yntikerrasta l\u00e4htien.<\/li><li>Henkil\u00f6kunnan ty\u00f6hyvinvointi on uudistuksen onnistumisen tae ja siten v\u00e4ltt\u00e4m\u00e4tt\u00f6myys.<\/li><li>Hyv\u00e4 yhteisty\u00f6 alan yritysten ja kolmannen sektorin kanssa on v\u00e4ltt\u00e4m\u00e4t\u00f6n. Palveluseteli\u00e4 on perusteltua k\u00e4ytt\u00e4\u00e4.<\/li><li>Digitalisaatio ja liikkuvat palvelut antavat mahdollisuuksia saada palveluja yh\u00e4 l\u00e4hemp\u00e4\u00e4.<\/li><li>Kansalaisten turvallisuus edellytt\u00e4\u00e4 l\u00e4hell\u00e4 olevia palo- ja pelastustoimen palveluja.<\/li><\/ol>\n\n\n\n<div style=\"height:20px\" aria-hidden=\"true\" class=\"wp-block-spacer\"><\/div>\n\n\n\n<p><strong>Muista \u00e4\u00e4nest\u00e4\u00e4!<\/strong><\/p>\n\n\n\n<div style=\"height:20px\" aria-hidden=\"true\" class=\"wp-block-spacer\"><\/div>\n\n\n\n<p><\/p>\n<\/div>\n\n\n\n<div class=\"wp-block-column is-layout-flow wp-block-column-is-layout-flow\">\n<figure class=\"wp-block-image size-full\"><img loading=\"lazy\" decoding=\"async\" width=\"394\" height=\"574\" src=\"https:\/\/www.tapanitolli.fi\/wp-content\/uploads\/2022\/01\/tapani_tolli_nro.jpg\" alt=\"Tapani T\u00f6lli 101\" class=\"wp-image-21\" srcset=\"https:\/\/www.tapanitolli.fi\/wp-content\/uploads\/2022\/01\/tapani_tolli_nro.jpg 394w, https:\/\/www.tapanitolli.fi\/wp-content\/uploads\/2022\/01\/tapani_tolli_nro-206x300.jpg 206w\" sizes=\"auto, (max-width: 394px) 100vw, 394px\" \/><\/figure>\n\n\n\n<p><strong>Tapani T\u00f6lli<\/strong><br><em>Valtiotieteen maisteri<\/em><\/p>\n\n\n\n<p><strong>Kokemus sote- ja pelastustoimen asioista<\/strong><\/p>\n\n\n\n<ul class=\"wp-block-list\"><li>kansanedustaja 2003-2019<\/li><li>hallinto- ja kuntaministeri 2010-2011<\/li><li>hallintovaliokunnan j\u00e4sen 2003-2010, pj. 2007-2010<\/li><li>sosiaali- ja terveysvaliokunnan j\u00e4sen 2003-2007<\/li><li>perustuslakivaliokunnan j\u00e4sen 2007-2010, 2011-2019, vpj. 2015-2019<\/li><li>valtiovarainvaliokunnan kunta- ja terveysjaoston j\u00e4sen 2011-2015<\/li><li>j\u00e4sen useassa sotety\u00f6ryhm\u00e4ss\u00e4<\/li><li>Suomen Kuntaliiton hallituksen 2. vpj. 2013-2021<\/li><li>Pohjois-Pohjanmaan sairaanhoitopiirin valtuuston j\u00e4sen 1993-2003<\/li><li>Pohjois-Pohjanmaan maakuntahallituksen j\u00e4sen 2001-2009<\/li><li>Suomen Keskustan kunta- ja aluety\u00f6ryhm\u00e4n pj. 2011-2015<\/li><\/ul>\n\n\n\n<p><strong>Muu ty\u00f6kokemus<\/strong><\/p>\n\n\n\n<ul class=\"wp-block-list\"><li>Aktuaari tullihallituksessa 1977-1984<\/li><li>erikoissuunnittelija valtiokonttorissa 1984-1985<\/li><li>jaosp\u00e4\u00e4llikk\u00f6 Suomen Ty\u00f6nantajain Keskusliitossa 1985-1990<\/li><li>Tyrn\u00e4v\u00e4n kunnanjohtaja 1991-2003<\/li><\/ul>\n<\/div>\n<\/div>\n\n\n\n<div style=\"height:40px\" aria-hidden=\"true\" class=\"wp-block-spacer\"><\/div>\n\n\n\n<p class=\"has-medium-font-size\"><strong>Ollaan yhteydess\u00e4<\/strong><\/p>\n\n\n\n<div class=\"wp-block-columns is-layout-flex wp-container-core-columns-is-layout-9d6595d7 wp-block-columns-is-layout-flex\">\n<div class=\"wp-block-column is-layout-flow wp-block-column-is-layout-flow\">\n<p><strong>Tukiryhm\u00e4<\/strong><br>0400 517 319 (Marko)<br>0400 395 004 (Timo)<\/p>\n<\/div>\n\n\n\n<div class=\"wp-block-column is-layout-flow wp-block-column-is-layout-flow\">\n<p><strong>Tapani T\u00f6lli<\/strong><br>tapani.o.tolli@gmail.com<br>050 511 3180<\/p>\n<\/div>\n\n\n\n<div class=\"wp-block-column is-layout-flow wp-block-column-is-layout-flow\">\n<figure class=\"wp-block-image size-full\"><img loading=\"lazy\" decoding=\"async\" width=\"700\" height=\"140\" src=\"https:\/\/www.tapanitolli.fi\/wp-content\/uploads\/2022\/01\/Keskusta-vaaka-rgb.jpg\" alt=\"Keskusta\" class=\"wp-image-52\" srcset=\"https:\/\/www.tapanitolli.fi\/wp-content\/uploads\/2022\/01\/Keskusta-vaaka-rgb.jpg 700w, https:\/\/www.tapanitolli.fi\/wp-content\/uploads\/2022\/01\/Keskusta-vaaka-rgb-300x60.jpg 300w\" sizes=\"auto, (max-width: 700px) 100vw, 700px\" \/><\/figure>\n<\/div>\n<\/div>\n\n\n\n<p><\/p>\n","protected":false},"excerpt":{"rendered":"<p>Tapani tunnette Hyvinvointialuevaalit 23.1.2022Ennakko\u00e4\u00e4nestys 12.-18.1.2022 Ihminen ja palvelut T\u00e4rke\u00e4t arjen palvelut, kuten terveyskeskusten, sosiaalipalvelujen, vanhustenhuollon, kehitysvammahuollon, mielenterveyspalvelujen, hammashuollon ja pelastuspalvelujen teht\u00e4v\u00e4t siirtyv\u00e4t kunnilta hyvinvointialueille vuoden 2023 alussa. Tuleva aluevaltuusto p\u00e4\u00e4tt\u00e4\u00e4 palveluista, niiden sis\u00e4ll\u00f6st\u00e4 ja kattavuudesta. Uudistuksen tavoite on palvelujen perustason vahvistaminen &#8211; ei keskitt\u00e4minen. Siten erikoisl\u00e4\u00e4k\u00e4rin palvelujakin voidaan antaa nykyist\u00e4 enemm\u00e4n paikallisesti. Valtuustossa tarvitaan osaamista &#8230; <a title=\"Etusivu\" class=\"read-more\" href=\"https:\/\/www.tapanitolli.fi\/\" aria-label=\"Lis\u00e4\u00e4 Etusivu\">Lue lis\u00e4\u00e4<\/a><\/p>\n","protected":false},"author":1,"featured_media":0,"parent":0,"menu_order":0,"comment_status":"closed","ping_status":"open","template":"","meta":{"footnotes":""},"class_list":["post-2","page","type-page","status-publish"],"_links":{"self":[{"href":"https:\/\/www.tapanitolli.fi\/index.php\/wp-json\/wp\/v2\/pages\/2","targetHints":{"allow":["GET"]}}],"collection":[{"href":"https:\/\/www.tapanitolli.fi\/index.php\/wp-json\/wp\/v2\/pages"}],"about":[{"href":"https:\/\/www.tapanitolli.fi\/index.php\/wp-json\/wp\/v2\/types\/page"}],"author":[{"embeddable":true,"href":"https:\/\/www.tapanitolli.fi\/index.php\/wp-json\/wp\/v2\/users\/1"}],"replies":[{"embeddable":true,"href":"https:\/\/www.tapanitolli.fi\/index.php\/wp-json\/wp\/v2\/comments?post=2"}],"version-history":[{"count":24,"href":"https:\/\/www.tapanitolli.fi\/index.php\/wp-json\/wp\/v2\/pages\/2\/revisions"}],"predecessor-version":[{"id":53,"href":"https:\/\/www.tapanitolli.fi\/index.php\/wp-json\/wp\/v2\/pages\/2\/revisions\/53"}],"wp:attachment":[{"href":"https:\/\/www.tapanitolli.fi\/index.php\/wp-json\/wp\/v2\/media?parent=2"}],"curies":[{"name":"wp","href":"https:\/\/api.w.org\/{rel}","templated":true}]}}